{"id":4204,"date":"2025-07-23T12:12:51","date_gmt":"2025-07-23T10:12:51","guid":{"rendered":"https:\/\/www.shinsockz.com\/versandmethoden\/"},"modified":"2025-11-09T03:28:04","modified_gmt":"2025-11-09T02:28:04","slug":"versandmethoden","status":"publish","type":"page","link":"https:\/\/www.shinsockz.com\/de\/versandmethoden\/","title":{"rendered":"Versandmethoden"},"content":{"rendered":"\n<div style=\"height:100px\" aria-hidden=\"true\" class=\"wp-block-spacer\"><\/div>\n\n<h2 class=\"wp-block-heading\">Versandmethoden<\/h2>\n\n<p class=\"has-intro-font-size\">Wir versenden Ihre Bestellung schnell und zuverl\u00e4ssig mit unserem Versandpartner DHL. Die Versandkosten sind pauschal und h\u00e4ngen vom Zielland ab. Ab einem Bestellwert von <strong>\u20ac80<\/strong> ist der Versand in alle aufgef\u00fchrten L\u00e4nder kostenlos.<\/p>\n\n<hr class=\"wp-block-separator has-alpha-channel-opacity\"\/>\n\n<h2 class=\"wp-block-heading\">Deutschland<\/h2>\n\n<ul class=\"wp-block-list\">\n<li><strong>Versandkosten:<\/strong> \u20ac5<\/li>\n\n\n\n<li><strong>Lieferzeit:<\/strong> ca. 2-4 Gesch\u00e4ftstage<\/li>\n<\/ul>\n\n<hr class=\"wp-block-separator has-alpha-channel-opacity\"\/>\n\n<h2 class=\"wp-block-heading\">EU-Laender (Zone 1)<\/h2>\n\n<p><strong>\u00d6sterreich, Belgien, Tschechische Republik, D\u00e4nemark, Frankreich, Luxemburg, Niederlande, Polen<\/strong><\/p>\n\n<ul class=\"wp-block-list\">\n<li><strong>Versandkosten:<\/strong> \u20ac6<\/li>\n\n\n\n<li><strong>Lieferzeit:<\/strong> ca. 3-6 Arbeitstage<\/li>\n<\/ul>\n\n<hr class=\"wp-block-separator has-alpha-channel-opacity\"\/>\n\n<h2 class=\"wp-block-heading\">Nicht-EU-Laender (Zone 1) .<\/h2>\n\n<p><strong>Schweiz, Liechtenstein, Vereinigtes K\u00f6nigreich (UK)<\/strong><\/p>\n\n<ul class=\"wp-block-list\">\n<li><strong>Versandkosten:<\/strong> \u20ac8<\/li>\n\n\n\n<li><strong>Lieferzeit:<\/strong> ca. 4-7 Arbeitstage<br\/><em>(Bitte beachten Sie: Bei Lieferungen in Nicht-EU-L\u00e4nder k\u00f6nnen zus\u00e4tzliche Z\u00f6lle, Steuern und Geb\u00fchren anfallen).<\/em><\/li>\n<\/ul>\n\n<hr class=\"wp-block-separator has-alpha-channel-opacity\"\/>\n\n<h2 class=\"wp-block-heading\">EU-Laender (Zone 2)<\/h2>\n\n<p><strong>Andorra, Italien, San Marino, Schweden, Slowakei, Slowenien, Spanien, Ungarn, Vatikan<\/strong><\/p>\n\n<ul class=\"wp-block-list\">\n<li><strong>Versandkosten:<\/strong> \u20ac6<\/li>\n\n\n\n<li><strong>Lieferzeit:<\/strong> ca. 3-6 Arbeitstage<\/li>\n<\/ul>\n\n<hr class=\"wp-block-separator has-alpha-channel-opacity\"\/>\n\n<h2 class=\"wp-block-heading\">Schwelle fuer kostenlosen Versand<\/h2>\n\n<p>Ab einem Bestellwert von <strong>80 \u20ac<\/strong> ist der Versand in alle oben genannten L\u00e4nder kostenlos.<\/p>\n","protected":false},"excerpt":{"rendered":"<p>Versandmethoden Wir versenden Ihre Bestellung schnell und zuverl\u00e4ssig mit unserem Versandpartner DHL. Die Versandkosten sind pauschal und h\u00e4ngen vom Zielland ab. Ab einem Bestellwert von \u20ac80 ist der Versand in alle aufgef\u00fchrten L\u00e4nder kostenlos. Deutschland EU-Laender (Zone 1) \u00d6sterreich, Belgien, Tschechische Republik, D\u00e4nemark, Frankreich, Luxemburg, Niederlande, Polen Nicht-EU-Laender (Zone 1) . Schweiz, Liechtenstein, Vereinigtes K\u00f6nigreich [&hellip;]<\/p>\n","protected":false},"author":1,"featured_media":0,"parent":0,"menu_order":0,"comment_status":"closed","ping_status":"closed","template":"","meta":{"_acf_changed":false,"footnotes":""},"class_list":["post-4204","page","type-page","status-publish","hentry"],"acf":[],"yoast_head":"<!-- This site is optimized with the Yoast SEO plugin v27.4 - https:\/\/yoast.com\/product\/yoast-seo-wordpress\/ -->\n<title>Versandmethoden - Shinsockz<\/title>\n<meta name=\"robots\" content=\"index, follow, max-snippet:-1, max-image-preview:large, max-video-preview:-1\" \/>\n<link rel=\"canonical\" href=\"https:\/\/www.shinsockz.com\/de\/versandmethoden\/\" \/>\n<meta property=\"og:locale\" content=\"de_DE\" \/>\n<meta property=\"og:type\" content=\"article\" \/>\n<meta property=\"og:title\" content=\"Versandmethoden - Shinsockz\" \/>\n<meta property=\"og:description\" content=\"Versandmethoden Wir versenden Ihre Bestellung schnell und zuverl\u00e4ssig mit unserem Versandpartner DHL. Die Versandkosten sind pauschal und h\u00e4ngen vom Zielland ab. Ab einem Bestellwert von \u20ac80 ist der Versand in alle aufgef\u00fchrten L\u00e4nder kostenlos. Deutschland EU-Laender (Zone 1) \u00d6sterreich, Belgien, Tschechische Republik, D\u00e4nemark, Frankreich, Luxemburg, Niederlande, Polen Nicht-EU-Laender (Zone 1) . Schweiz, Liechtenstein, Vereinigtes K\u00f6nigreich [&hellip;]\" \/>\n<meta property=\"og:url\" content=\"https:\/\/www.shinsockz.com\/de\/versandmethoden\/\" \/>\n<meta property=\"og:site_name\" content=\"Shinsockz\" \/>\n<meta property=\"article:modified_time\" content=\"2025-11-09T02:28:04+00:00\" \/>\n<meta name=\"twitter:card\" content=\"summary_large_image\" \/>\n<meta name=\"twitter:label1\" content=\"Gesch\u00e4tzte Lesezeit\" \/>\n\t<meta name=\"twitter:data1\" content=\"1\u00a0Minute\" \/>\n<script type=\"application\/ld+json\" class=\"yoast-schema-graph\">{\"@context\":\"https:\\\/\\\/schema.org\",\"@graph\":[{\"@type\":\"WebPage\",\"@id\":\"https:\\\/\\\/www.shinsockz.com\\\/de\\\/versandmethoden\\\/\",\"url\":\"https:\\\/\\\/www.shinsockz.com\\\/de\\\/versandmethoden\\\/\",\"name\":\"Versandmethoden - Shinsockz\",\"isPartOf\":{\"@id\":\"https:\\\/\\\/www.shinsockz.com\\\/de\\\/#website\"},\"datePublished\":\"2025-07-23T10:12:51+00:00\",\"dateModified\":\"2025-11-09T02:28:04+00:00\",\"breadcrumb\":{\"@id\":\"https:\\\/\\\/www.shinsockz.com\\\/de\\\/versandmethoden\\\/#breadcrumb\"},\"inLanguage\":\"de\",\"potentialAction\":[{\"@type\":\"ReadAction\",\"target\":[\"https:\\\/\\\/www.shinsockz.com\\\/de\\\/versandmethoden\\\/\"]}]},{\"@type\":\"BreadcrumbList\",\"@id\":\"https:\\\/\\\/www.shinsockz.com\\\/de\\\/versandmethoden\\\/#breadcrumb\",\"itemListElement\":[{\"@type\":\"ListItem\",\"position\":1,\"name\":\"Startseite\",\"item\":\"https:\\\/\\\/www.shinsockz.com\\\/de\\\/\"},{\"@type\":\"ListItem\",\"position\":2,\"name\":\"Versandmethoden\"}]},{\"@type\":\"WebSite\",\"@id\":\"https:\\\/\\\/www.shinsockz.com\\\/de\\\/#website\",\"url\":\"https:\\\/\\\/www.shinsockz.com\\\/de\\\/\",\"name\":\"shinsockz.com\",\"description\":\"short football socks\",\"publisher\":{\"@id\":\"https:\\\/\\\/www.shinsockz.com\\\/de\\\/#organization\"},\"potentialAction\":[{\"@type\":\"SearchAction\",\"target\":{\"@type\":\"EntryPoint\",\"urlTemplate\":\"https:\\\/\\\/www.shinsockz.com\\\/de\\\/?s={search_term_string}\"},\"query-input\":{\"@type\":\"PropertyValueSpecification\",\"valueRequired\":true,\"valueName\":\"search_term_string\"}}],\"inLanguage\":\"de\"},{\"@type\":\"Organization\",\"@id\":\"https:\\\/\\\/www.shinsockz.com\\\/de\\\/#organization\",\"name\":\"Shinsockz\",\"url\":\"https:\\\/\\\/www.shinsockz.com\\\/de\\\/\",\"logo\":{\"@type\":\"ImageObject\",\"inLanguage\":\"de\",\"@id\":\"https:\\\/\\\/www.shinsockz.com\\\/de\\\/#\\\/schema\\\/logo\\\/image\\\/\",\"url\":\"https:\\\/\\\/www.shinsockz.com\\\/wp-content\\\/uploads\\\/shnskz-logo-bg-white.svg\",\"contentUrl\":\"https:\\\/\\\/www.shinsockz.com\\\/wp-content\\\/uploads\\\/shnskz-logo-bg-white.svg\",\"width\":1,\"height\":1,\"caption\":\"Shinsockz\"},\"image\":{\"@id\":\"https:\\\/\\\/www.shinsockz.com\\\/de\\\/#\\\/schema\\\/logo\\\/image\\\/\"}}]}<\/script>\n<!-- \/ Yoast SEO plugin. -->","yoast_head_json":{"title":"Versandmethoden - Shinsockz","robots":{"index":"index","follow":"follow","max-snippet":"max-snippet:-1","max-image-preview":"max-image-preview:large","max-video-preview":"max-video-preview:-1"},"canonical":"https:\/\/www.shinsockz.com\/de\/versandmethoden\/","og_locale":"de_DE","og_type":"article","og_title":"Versandmethoden - Shinsockz","og_description":"Versandmethoden Wir versenden Ihre Bestellung schnell und zuverl\u00e4ssig mit unserem Versandpartner DHL. Die Versandkosten sind pauschal und h\u00e4ngen vom Zielland ab. Ab einem Bestellwert von \u20ac80 ist der Versand in alle aufgef\u00fchrten L\u00e4nder kostenlos. Deutschland EU-Laender (Zone 1) \u00d6sterreich, Belgien, Tschechische Republik, D\u00e4nemark, Frankreich, Luxemburg, Niederlande, Polen Nicht-EU-Laender (Zone 1) . Schweiz, Liechtenstein, Vereinigtes K\u00f6nigreich [&hellip;]","og_url":"https:\/\/www.shinsockz.com\/de\/versandmethoden\/","og_site_name":"Shinsockz","article_modified_time":"2025-11-09T02:28:04+00:00","twitter_card":"summary_large_image","twitter_misc":{"Gesch\u00e4tzte Lesezeit":"1\u00a0Minute"},"schema":{"@context":"https:\/\/schema.org","@graph":[{"@type":"WebPage","@id":"https:\/\/www.shinsockz.com\/de\/versandmethoden\/","url":"https:\/\/www.shinsockz.com\/de\/versandmethoden\/","name":"Versandmethoden - Shinsockz","isPartOf":{"@id":"https:\/\/www.shinsockz.com\/de\/#website"},"datePublished":"2025-07-23T10:12:51+00:00","dateModified":"2025-11-09T02:28:04+00:00","breadcrumb":{"@id":"https:\/\/www.shinsockz.com\/de\/versandmethoden\/#breadcrumb"},"inLanguage":"de","potentialAction":[{"@type":"ReadAction","target":["https:\/\/www.shinsockz.com\/de\/versandmethoden\/"]}]},{"@type":"BreadcrumbList","@id":"https:\/\/www.shinsockz.com\/de\/versandmethoden\/#breadcrumb","itemListElement":[{"@type":"ListItem","position":1,"name":"Startseite","item":"https:\/\/www.shinsockz.com\/de\/"},{"@type":"ListItem","position":2,"name":"Versandmethoden"}]},{"@type":"WebSite","@id":"https:\/\/www.shinsockz.com\/de\/#website","url":"https:\/\/www.shinsockz.com\/de\/","name":"shinsockz.com","description":"short football socks","publisher":{"@id":"https:\/\/www.shinsockz.com\/de\/#organization"},"potentialAction":[{"@type":"SearchAction","target":{"@type":"EntryPoint","urlTemplate":"https:\/\/www.shinsockz.com\/de\/?s={search_term_string}"},"query-input":{"@type":"PropertyValueSpecification","valueRequired":true,"valueName":"search_term_string"}}],"inLanguage":"de"},{"@type":"Organization","@id":"https:\/\/www.shinsockz.com\/de\/#organization","name":"Shinsockz","url":"https:\/\/www.shinsockz.com\/de\/","logo":{"@type":"ImageObject","inLanguage":"de","@id":"https:\/\/www.shinsockz.com\/de\/#\/schema\/logo\/image\/","url":"https:\/\/www.shinsockz.com\/wp-content\/uploads\/shnskz-logo-bg-white.svg","contentUrl":"https:\/\/www.shinsockz.com\/wp-content\/uploads\/shnskz-logo-bg-white.svg","width":1,"height":1,"caption":"Shinsockz"},"image":{"@id":"https:\/\/www.shinsockz.com\/de\/#\/schema\/logo\/image\/"}}]}},"jetpack_sharing_enabled":true,"_links":{"self":[{"href":"https:\/\/www.shinsockz.com\/de\/wp-json\/wp\/v2\/pages\/4204","targetHints":{"allow":["GET"]}}],"collection":[{"href":"https:\/\/www.shinsockz.com\/de\/wp-json\/wp\/v2\/pages"}],"about":[{"href":"https:\/\/www.shinsockz.com\/de\/wp-json\/wp\/v2\/types\/page"}],"author":[{"embeddable":true,"href":"https:\/\/www.shinsockz.com\/de\/wp-json\/wp\/v2\/users\/1"}],"replies":[{"embeddable":true,"href":"https:\/\/www.shinsockz.com\/de\/wp-json\/wp\/v2\/comments?post=4204"}],"version-history":[{"count":5,"href":"https:\/\/www.shinsockz.com\/de\/wp-json\/wp\/v2\/pages\/4204\/revisions"}],"predecessor-version":[{"id":4664,"href":"https:\/\/www.shinsockz.com\/de\/wp-json\/wp\/v2\/pages\/4204\/revisions\/4664"}],"wp:attachment":[{"href":"https:\/\/www.shinsockz.com\/de\/wp-json\/wp\/v2\/media?parent=4204"}],"curies":[{"name":"wp","href":"https:\/\/api.w.org\/{rel}","templated":true}]}}