{"id":4220,"date":"2025-07-22T23:21:37","date_gmt":"2025-07-22T21:21:37","guid":{"rendered":"https:\/\/www.shinsockz.com\/zahlungsmoeglichkeiten\/"},"modified":"2025-11-09T03:29:06","modified_gmt":"2025-11-09T02:29:06","slug":"zahlungsmoeglichkeiten","status":"publish","type":"page","link":"https:\/\/www.shinsockz.com\/de\/zahlungsmoeglichkeiten\/","title":{"rendered":"Zahlungsm\u00f6glichkeiten"},"content":{"rendered":"\n<div style=\"height:100px\" aria-hidden=\"true\" class=\"wp-block-spacer\"><\/div>\n\n<h2 class=\"wp-block-heading\">Zahlungsarten<\/h2>\n\n<p>Um Ihr Einkaufserlebnis so einfach und sicher wie m\u00f6glich zu gestalten, bieten wir Ihnen eine gro\u00dfe Auswahl an Zahlungsm\u00f6glichkeiten. Alle Transaktionen werden sicher \u00fcber <strong>WooPayments<\/strong> oder <strong>PayPal<\/strong> abgewickelt. <\/p>\n\n<hr class=\"wp-block-separator has-alpha-channel-opacity\"\/>\n\n<h2 class=\"wp-block-heading\">Kredit- &amp; Debitkarten<\/h2>\n\n<p>Bezahlen Sie bequem mit allen g\u00e4ngigen Kredit- und Debitkarten wie <strong>Visa, Mastercard, American Express, Discover, JCB, UnionPay<\/strong> und mehr.<\/p>\n\n<hr class=\"wp-block-separator has-alpha-channel-opacity\"\/>\n\n<h2 class=\"wp-block-heading\">Klarna &#8211; Spaeter bezahlen \/ in Raten bezahlen<\/h2>\n\n<p>Mit Klarna haben Sie die M\u00f6glichkeit, <strong>sp\u00e4ter zu bezahlen<\/strong> oder Ihren Einkauf in <strong>flexible Raten<\/strong> aufzuteilen. Auf diese Weise k\u00f6nnen Sie jetzt einkaufen und in Ihrem eigenen Tempo bezahlen. <\/p>\n\n<hr class=\"wp-block-separator has-alpha-channel-opacity\"\/>\n\n<h2 class=\"wp-block-heading\">Apple Pay &amp; Google Pay<\/h2>\n\n<p>F\u00fcr einen noch schnelleren Checkout k\u00f6nnen Sie <strong>Apple Pay<\/strong> oder <strong>Google Pay<\/strong> an der Express-Kasse verwenden. Bezahlen Sie einfach mit einem Fingertipp &#8211; schnell, sicher und einfach. <\/p>\n\n<hr class=\"wp-block-separator has-alpha-channel-opacity\"\/>\n\n<h2 class=\"wp-block-heading\">PayPal  <span class=\"icon-paypal\"><\/span><\/h2>\n\n<p>Nat\u00fcrlich k\u00f6nnen Sie auch \u00fcber <strong>PayPal<\/strong> bezahlen. Mit Ihrem PayPal-Konto profitieren Sie von einer schnellen Kaufabwicklung, K\u00e4uferschutz und einer sicheren Zahlungsabwicklung. <\/p>\n\n<hr class=\"wp-block-separator has-alpha-channel-opacity\"\/>\n\n<h2 class=\"wp-block-heading\">Sicher einkaufen<\/h2>\n\n<p>Alle Zahlungsarten werden sicher \u00fcber verschl\u00fcsselte Verbindungen abgewickelt. Ihre Daten sind zu jeder Zeit gesch\u00fctzt. <\/p>\n","protected":false},"excerpt":{"rendered":"<p>Zahlungsarten Um Ihr Einkaufserlebnis so einfach und sicher wie m\u00f6glich zu gestalten, bieten wir Ihnen eine gro\u00dfe Auswahl an Zahlungsm\u00f6glichkeiten. Alle Transaktionen werden sicher \u00fcber WooPayments oder PayPal abgewickelt. Kredit- &amp; Debitkarten Bezahlen Sie bequem mit allen g\u00e4ngigen Kredit- und Debitkarten wie Visa, Mastercard, American Express, Discover, JCB, UnionPay und mehr. Klarna &#8211; Spaeter bezahlen [&hellip;]<\/p>\n","protected":false},"author":1,"featured_media":0,"parent":0,"menu_order":0,"comment_status":"closed","ping_status":"closed","template":"","meta":{"_acf_changed":false,"footnotes":""},"class_list":["post-4220","page","type-page","status-publish","hentry"],"acf":[],"yoast_head":"<!-- This site is optimized with the Yoast SEO plugin v27.4 - https:\/\/yoast.com\/product\/yoast-seo-wordpress\/ -->\n<title>Zahlungsm\u00f6glichkeiten - Shinsockz<\/title>\n<meta name=\"robots\" content=\"index, follow, max-snippet:-1, max-image-preview:large, max-video-preview:-1\" \/>\n<link rel=\"canonical\" href=\"https:\/\/www.shinsockz.com\/de\/zahlungsmoeglichkeiten\/\" \/>\n<meta property=\"og:locale\" content=\"de_DE\" \/>\n<meta property=\"og:type\" content=\"article\" \/>\n<meta property=\"og:title\" content=\"Zahlungsm\u00f6glichkeiten - Shinsockz\" \/>\n<meta property=\"og:description\" content=\"Zahlungsarten Um Ihr Einkaufserlebnis so einfach und sicher wie m\u00f6glich zu gestalten, bieten wir Ihnen eine gro\u00dfe Auswahl an Zahlungsm\u00f6glichkeiten. Alle Transaktionen werden sicher \u00fcber WooPayments oder PayPal abgewickelt. Kredit- &amp; Debitkarten Bezahlen Sie bequem mit allen g\u00e4ngigen Kredit- und Debitkarten wie Visa, Mastercard, American Express, Discover, JCB, UnionPay und mehr. Klarna &#8211; Spaeter bezahlen [&hellip;]\" \/>\n<meta property=\"og:url\" content=\"https:\/\/www.shinsockz.com\/de\/zahlungsmoeglichkeiten\/\" \/>\n<meta property=\"og:site_name\" content=\"Shinsockz\" \/>\n<meta property=\"article:modified_time\" content=\"2025-11-09T02:29:06+00:00\" \/>\n<meta name=\"twitter:card\" content=\"summary_large_image\" \/>\n<meta name=\"twitter:label1\" content=\"Gesch\u00e4tzte Lesezeit\" \/>\n\t<meta name=\"twitter:data1\" content=\"1\u00a0Minute\" \/>\n<script type=\"application\/ld+json\" class=\"yoast-schema-graph\">{\"@context\":\"https:\\\/\\\/schema.org\",\"@graph\":[{\"@type\":\"WebPage\",\"@id\":\"https:\\\/\\\/www.shinsockz.com\\\/de\\\/zahlungsmoeglichkeiten\\\/\",\"url\":\"https:\\\/\\\/www.shinsockz.com\\\/de\\\/zahlungsmoeglichkeiten\\\/\",\"name\":\"Zahlungsm\u00f6glichkeiten - Shinsockz\",\"isPartOf\":{\"@id\":\"https:\\\/\\\/www.shinsockz.com\\\/de\\\/#website\"},\"datePublished\":\"2025-07-22T21:21:37+00:00\",\"dateModified\":\"2025-11-09T02:29:06+00:00\",\"breadcrumb\":{\"@id\":\"https:\\\/\\\/www.shinsockz.com\\\/de\\\/zahlungsmoeglichkeiten\\\/#breadcrumb\"},\"inLanguage\":\"de\",\"potentialAction\":[{\"@type\":\"ReadAction\",\"target\":[\"https:\\\/\\\/www.shinsockz.com\\\/de\\\/zahlungsmoeglichkeiten\\\/\"]}]},{\"@type\":\"BreadcrumbList\",\"@id\":\"https:\\\/\\\/www.shinsockz.com\\\/de\\\/zahlungsmoeglichkeiten\\\/#breadcrumb\",\"itemListElement\":[{\"@type\":\"ListItem\",\"position\":1,\"name\":\"Startseite\",\"item\":\"https:\\\/\\\/www.shinsockz.com\\\/de\\\/\"},{\"@type\":\"ListItem\",\"position\":2,\"name\":\"Zahlungsm\u00f6glichkeiten\"}]},{\"@type\":\"WebSite\",\"@id\":\"https:\\\/\\\/www.shinsockz.com\\\/de\\\/#website\",\"url\":\"https:\\\/\\\/www.shinsockz.com\\\/de\\\/\",\"name\":\"shinsockz.com\",\"description\":\"short football socks\",\"publisher\":{\"@id\":\"https:\\\/\\\/www.shinsockz.com\\\/de\\\/#organization\"},\"potentialAction\":[{\"@type\":\"SearchAction\",\"target\":{\"@type\":\"EntryPoint\",\"urlTemplate\":\"https:\\\/\\\/www.shinsockz.com\\\/de\\\/?s={search_term_string}\"},\"query-input\":{\"@type\":\"PropertyValueSpecification\",\"valueRequired\":true,\"valueName\":\"search_term_string\"}}],\"inLanguage\":\"de\"},{\"@type\":\"Organization\",\"@id\":\"https:\\\/\\\/www.shinsockz.com\\\/de\\\/#organization\",\"name\":\"Shinsockz\",\"url\":\"https:\\\/\\\/www.shinsockz.com\\\/de\\\/\",\"logo\":{\"@type\":\"ImageObject\",\"inLanguage\":\"de\",\"@id\":\"https:\\\/\\\/www.shinsockz.com\\\/de\\\/#\\\/schema\\\/logo\\\/image\\\/\",\"url\":\"https:\\\/\\\/www.shinsockz.com\\\/wp-content\\\/uploads\\\/shnskz-logo-bg-white.svg\",\"contentUrl\":\"https:\\\/\\\/www.shinsockz.com\\\/wp-content\\\/uploads\\\/shnskz-logo-bg-white.svg\",\"width\":1,\"height\":1,\"caption\":\"Shinsockz\"},\"image\":{\"@id\":\"https:\\\/\\\/www.shinsockz.com\\\/de\\\/#\\\/schema\\\/logo\\\/image\\\/\"}}]}<\/script>\n<!-- \/ Yoast SEO plugin. -->","yoast_head_json":{"title":"Zahlungsm\u00f6glichkeiten - Shinsockz","robots":{"index":"index","follow":"follow","max-snippet":"max-snippet:-1","max-image-preview":"max-image-preview:large","max-video-preview":"max-video-preview:-1"},"canonical":"https:\/\/www.shinsockz.com\/de\/zahlungsmoeglichkeiten\/","og_locale":"de_DE","og_type":"article","og_title":"Zahlungsm\u00f6glichkeiten - Shinsockz","og_description":"Zahlungsarten Um Ihr Einkaufserlebnis so einfach und sicher wie m\u00f6glich zu gestalten, bieten wir Ihnen eine gro\u00dfe Auswahl an Zahlungsm\u00f6glichkeiten. Alle Transaktionen werden sicher \u00fcber WooPayments oder PayPal abgewickelt. Kredit- &amp; Debitkarten Bezahlen Sie bequem mit allen g\u00e4ngigen Kredit- und Debitkarten wie Visa, Mastercard, American Express, Discover, JCB, UnionPay und mehr. Klarna &#8211; Spaeter bezahlen [&hellip;]","og_url":"https:\/\/www.shinsockz.com\/de\/zahlungsmoeglichkeiten\/","og_site_name":"Shinsockz","article_modified_time":"2025-11-09T02:29:06+00:00","twitter_card":"summary_large_image","twitter_misc":{"Gesch\u00e4tzte Lesezeit":"1\u00a0Minute"},"schema":{"@context":"https:\/\/schema.org","@graph":[{"@type":"WebPage","@id":"https:\/\/www.shinsockz.com\/de\/zahlungsmoeglichkeiten\/","url":"https:\/\/www.shinsockz.com\/de\/zahlungsmoeglichkeiten\/","name":"Zahlungsm\u00f6glichkeiten - Shinsockz","isPartOf":{"@id":"https:\/\/www.shinsockz.com\/de\/#website"},"datePublished":"2025-07-22T21:21:37+00:00","dateModified":"2025-11-09T02:29:06+00:00","breadcrumb":{"@id":"https:\/\/www.shinsockz.com\/de\/zahlungsmoeglichkeiten\/#breadcrumb"},"inLanguage":"de","potentialAction":[{"@type":"ReadAction","target":["https:\/\/www.shinsockz.com\/de\/zahlungsmoeglichkeiten\/"]}]},{"@type":"BreadcrumbList","@id":"https:\/\/www.shinsockz.com\/de\/zahlungsmoeglichkeiten\/#breadcrumb","itemListElement":[{"@type":"ListItem","position":1,"name":"Startseite","item":"https:\/\/www.shinsockz.com\/de\/"},{"@type":"ListItem","position":2,"name":"Zahlungsm\u00f6glichkeiten"}]},{"@type":"WebSite","@id":"https:\/\/www.shinsockz.com\/de\/#website","url":"https:\/\/www.shinsockz.com\/de\/","name":"shinsockz.com","description":"short football socks","publisher":{"@id":"https:\/\/www.shinsockz.com\/de\/#organization"},"potentialAction":[{"@type":"SearchAction","target":{"@type":"EntryPoint","urlTemplate":"https:\/\/www.shinsockz.com\/de\/?s={search_term_string}"},"query-input":{"@type":"PropertyValueSpecification","valueRequired":true,"valueName":"search_term_string"}}],"inLanguage":"de"},{"@type":"Organization","@id":"https:\/\/www.shinsockz.com\/de\/#organization","name":"Shinsockz","url":"https:\/\/www.shinsockz.com\/de\/","logo":{"@type":"ImageObject","inLanguage":"de","@id":"https:\/\/www.shinsockz.com\/de\/#\/schema\/logo\/image\/","url":"https:\/\/www.shinsockz.com\/wp-content\/uploads\/shnskz-logo-bg-white.svg","contentUrl":"https:\/\/www.shinsockz.com\/wp-content\/uploads\/shnskz-logo-bg-white.svg","width":1,"height":1,"caption":"Shinsockz"},"image":{"@id":"https:\/\/www.shinsockz.com\/de\/#\/schema\/logo\/image\/"}}]}},"jetpack_sharing_enabled":true,"_links":{"self":[{"href":"https:\/\/www.shinsockz.com\/de\/wp-json\/wp\/v2\/pages\/4220","targetHints":{"allow":["GET"]}}],"collection":[{"href":"https:\/\/www.shinsockz.com\/de\/wp-json\/wp\/v2\/pages"}],"about":[{"href":"https:\/\/www.shinsockz.com\/de\/wp-json\/wp\/v2\/types\/page"}],"author":[{"embeddable":true,"href":"https:\/\/www.shinsockz.com\/de\/wp-json\/wp\/v2\/users\/1"}],"replies":[{"embeddable":true,"href":"https:\/\/www.shinsockz.com\/de\/wp-json\/wp\/v2\/comments?post=4220"}],"version-history":[{"count":4,"href":"https:\/\/www.shinsockz.com\/de\/wp-json\/wp\/v2\/pages\/4220\/revisions"}],"predecessor-version":[{"id":4667,"href":"https:\/\/www.shinsockz.com\/de\/wp-json\/wp\/v2\/pages\/4220\/revisions\/4667"}],"wp:attachment":[{"href":"https:\/\/www.shinsockz.com\/de\/wp-json\/wp\/v2\/media?parent=4220"}],"curies":[{"name":"wp","href":"https:\/\/api.w.org\/{rel}","templated":true}]}}