{"id":4235,"date":"2025-07-23T12:12:51","date_gmt":"2025-07-23T10:12:51","guid":{"rendered":"https:\/\/www.shinsockz.com\/bedingungen-konditionen\/"},"modified":"2025-11-10T19:03:41","modified_gmt":"2025-11-10T18:03:41","slug":"bedingungen-konditionen","status":"publish","type":"page","link":"https:\/\/www.shinsockz.com\/de\/bedingungen-konditionen\/","title":{"rendered":"Bedingungen &amp; Konditionen"},"content":{"rendered":"\n<div style=\"height:100px\" aria-hidden=\"true\" class=\"wp-block-spacer\"><\/div>\n\n<h1>Allgemeine Bedingungen und Konditionen<\/h1>\n<p>f\u00fcr den Online Shop unter der URL<\/p>\n<p><a href=\"https:\/\/www.shinsockz.com\/de\/\">https:\/\/www.shinsockz.com\/<\/a><\/p>\n<p>betrieben von<\/p>\n<p>Louis Hagemann<br\/>SHINSOCKZ<br\/>Stiftstra\u00dfe 46<br\/>32657 Lemgo<br\/>E-Mail: <a href=\"mailto:help@shinsockz.com\">help@shinsockz.com<\/a><br\/>Telefonnummer: 015224617215<\/p>\n<p>&#8211; nachstehend bezeichnet als: Anbieter &#8211;<\/p>\n<p> <\/p>\n<h2>1. Umfang<\/h2>\n<p>Diese Allgemeinen Gesch\u00e4ftsbedingungen (AGB) gelten mit ihrer Einbeziehung f\u00fcr alle Vertr\u00e4ge \u00fcber den Erwerb von Waren, Dienstleistungen oder sonstigen Gegenst\u00e4nden (im Folgenden &#8222;Waren&#8220;) im Online-Shop unter der oben genannten URL in der zum Zeitpunkt des Vertragsschlusses g\u00fcltigen Fassung. Diese AGB gelten ausschlie\u00dflich. Abweichende Bedingungen des Kunden werden nicht Vertragsbestandteil, es sei denn, der Anbieter stimmt ihnen ausdr\u00fccklich zu.  <\/p>\n\n<h2>2. Vertragsabschluss<\/h2>\n<p>2.1 Die Angebote im Onlineshop sind unverbindliche Aufforderungen des Anbieters an die Besucher des Onlineshops, ein Angebot zum Kauf der im Shop angebotenen Waren abzugeben.<\/p>\n<p>2.2 Die Bestellung der Waren erfolgt \u00fcber das Online-Bestellformular des Anbieters. Nach Auswahl der gew\u00fcnschten Waren, der Eingabe aller erforderlichen Pflichtangaben und der Durchf\u00fchrung aller weiteren erforderlichen Schritte des Bestellvorgangs k\u00f6nnen die ausgew\u00e4hlten Waren durch Anklicken des Bestellbuttons am Ende der Bestellseite (Bestellung) bestellt werden. Mit der Bestellung gibt der Kunde ein verbindliches Vertragsangebot zum Kauf der ausgew\u00e4hlten Waren ab. Der Vertrag kommt zustande, wenn der Anbieter das Angebot des Kunden annimmt. Die Annahme erfolgt entweder durch eine schriftliche oder textliche Vertragsbest\u00e4tigung (z.B. per E-Mail) und den Zugang dieser Auftragsbest\u00e4tigung beim Kunden, oder durch die Lieferung der bestellten Ware und den Zugang der Ware beim Kunden, oder durch die Zahlungsaufforderung des Kunden (z.B. Rechnung oder Kreditkartenzahlung w\u00e4hrend des Bestellvorgangs) und den Zugang dieser Zahlungsaufforderung beim Kunden. Ma\u00dfgeblicher Zeitpunkt f\u00fcr den Vertragsabschluss ist das erstmalige Eintreten einer dieser Alternativen.     <\/p>\n<p>2.3 Vor dem Absenden einer verbindlichen Bestellung \u00fcber das Online-Bestellformular des Anbieters kann der Kunde seine Eingaben \u00fcberpr\u00fcfen und jederzeit \u00fcber die \u00fcblichen Tastatur-, Maus-, Touch- oder sonstigen verf\u00fcgbaren Eingabefunktionen korrigieren. Zus\u00e4tzlich werden alle Eingaben vor dem endg\u00fcltigen Absenden der Bestellung noch einmal in einem Best\u00e4tigungsfenster angezeigt und k\u00f6nnen auch dort mit den \u00fcblichen Eingabem\u00f6glichkeiten korrigiert werden. <\/p>\n<p>2.4 Der Anbieter wird den Vertragstext nach Vertragsschluss speichern und dem Kunden in Textform (z.B. per E-Mail) zusenden. Dar\u00fcber hinaus wird der Anbieter den Vertragstext nicht zug\u00e4nglich machen. Wenn der Kauf \u00fcber ein Kundenkonto im Online-Shop get\u00e4tigt wurde, kann der Kunde dort seine Bestellungen und die dazugeh\u00f6rigen Bestelldaten einsehen.  <\/p>\n<p>2.5 F\u00fcr den Vertragsabschluss stehen die folgenden Sprachen zur Verf\u00fcgung: Deutsch, Englisch<\/p>\n\n<h2>3. R\u00fccktrittsrecht f\u00fcr Verbraucher<\/h2>\n<p>Bei Vertr\u00e4gen, die au\u00dferhalb von Gesch\u00e4ftsr\u00e4umen geschlossen werden, und bei Fernabsatzvertr\u00e4gen steht Verbrauchern generell ein Widerrufsrecht zu. Ein Verbraucher ist jede nat\u00fcrliche Person, die ein Rechtsgesch\u00e4ft zu Zwecken abschlie\u00dft, die \u00fcberwiegend weder ihrer gewerblichen noch ihrer selbst\u00e4ndigen beruflichen T\u00e4tigkeit zugerechnet werden k\u00f6nnen. Einzelheiten finden Sie in der Widerrufsbelehrung, die jedem Verbraucher sp\u00e4testens unmittelbar vor Vertragsabschluss zur Verf\u00fcgung gestellt wird.<\/p>\n\n<h2>4. Zahlung, Verzug<\/h2>\n<p>4.1 Es gelten die zum Zeitpunkt der Bestellung im Online-Shop aufgef\u00fchrten Preise. Alle Preise enthalten die gesetzliche Mehrwertsteuer und eventuell anfallende Versandkosten. Der Kunde wird im Online-Shop des Anbieters \u00fcber die verf\u00fcgbaren Zahlungsarten informiert.  <\/p>\n<p>4.2 Wenn &#8222;SEPA-Lastschrift&#8220; vereinbart ist, ist die Zahlung sofort nach Vertragsschluss f\u00e4llig. Vor der Abbuchung des Kaufpreises wird der Kunde dar\u00fcber informiert, wann der vereinbarte Betrag abgebucht wird (Pre-Notification). Die Abbuchung wird nicht vor Erhalt dieser Pre-Notification und nicht vor dem in der Pre-Notification angegebenen Termin eingeleitet. Scheitert die Abbuchung aufgrund unzureichender Deckung, falscher Bankdaten oder aus anderen, vom Kunden zu vertretenden Gr\u00fcnden, so tr\u00e4gt der Kunde die daraus resultierenden R\u00fccklastschriftgeb\u00fchren, sofern er die fehlgeschlagene Transaktion zu vertreten hat.   <\/p>\n<p>4.3 Wenn die Zahlung per Kredit- oder Debitkarte vereinbart wurde, ist der Kaufpreis sofort bei Vertragsabschluss f\u00e4llig.<\/p>\n<p>4.4 Ist als Zahlungsart &#8222;PayPal&#8220; vereinbart, ist der Kaufpreis sofort bei Vertragsschluss f\u00e4llig. Die Zahlungsabwicklung erfolgt \u00fcber den Zahlungsdienstleister PayPal (Europe) S.\u00e0 r.l. et Cie, S.C.A., 22-24 Boulevard Royal, L-2449 Luxemburg.<\/p>\n\n<h2>5. Beibehaltung des Titels<\/h2>\n<p>Die gekaufte Ware bleibt bis zur vollst\u00e4ndigen Bezahlung des Kaufpreises Eigentum des Anbieters.<\/p>\n\n<h2>6. Lieferung und Reservierung von Selbstversorgern<\/h2>\n<p>6.1 Sofern nicht anders vereinbart, erfolgt die Lieferung innerhalb der im Online-Shop angegebenen Lieferzeit an die vom Kunden angegebene Lieferadresse. Die geltenden Lieferzeiten finden Sie im Online-Shop. <\/p>\n<p>6.2 Wenn der Anbieter die bestellte Ware nicht liefern kann, weil sie von einem zuverl\u00e4ssigen Lieferanten unverschuldet nicht geliefert wird, obwohl er einen entsprechenden Kaufvertrag rechtzeitig abgeschlossen hat, ist der Anbieter von der Leistungspflicht befreit und kann vom Vertrag zur\u00fccktreten. Der Anbieter ist verpflichtet, den Kunden unverz\u00fcglich \u00fcber die Unm\u00f6glichkeit der Leistung zu informieren. Eine bereits erbrachte Gegenleistung des Kunden wird unverz\u00fcglich zur\u00fcckerstattet. Zwingende Verbraucherrechte bleiben von dieser Klausel unber\u00fchrt.   <\/p>\n\n<h2>7. Garantie<\/h2>\n<p>Es gelten die gesetzlichen Bestimmungen zur M\u00e4ngelhaftung.<\/p>\n\n<h2>8. Haftung und Entsch\u00e4digung<\/h2>\n<p>8.1 Der Anbieter haftet unbeschr\u00e4nkt:<\/p>\n<ul>\n<li>f\u00fcr Sch\u00e4den aus der Verletzung des Lebens, des K\u00f6rpers oder der Gesundheit, die auf einer vors\u00e4tzlichen oder fahrl\u00e4ssigen Pflichtverletzung des Anbieters oder einer vors\u00e4tzlichen oder fahrl\u00e4ssigen Pflichtverletzung eines gesetzlichen Vertreters oder Erf\u00fcllungsgehilfen des Anbieters beruhen;<\/li>\n<li>f\u00fcr Sch\u00e4den, die auf einer vors\u00e4tzlichen oder grob fahrl\u00e4ssigen Pflichtverletzung des Anbieters oder einer vors\u00e4tzlichen oder grob fahrl\u00e4ssigen Pflichtverletzung eines gesetzlichen Vertreters oder Erf\u00fcllungsgehilfen des Anbieters beruhen;<\/li>\n<li>auf der Grundlage eines Garantieversprechens, sofern nicht anders geregelt;<\/li>\n<li>aufgrund der zwingenden Haftung (z.B. nach dem Produkthaftungsgesetz).<\/li>\n<\/ul>\n<p>8.2 Sofern der Anbieter fahrl\u00e4ssig eine wesentliche Vertragspflicht verletzt, ist die Haftung auf den vorhersehbaren, vertragstypischen Schaden begrenzt, soweit nicht nach dem vorstehenden Absatz unbeschr\u00e4nkt gehaftet wird. Wesentliche Vertragspflichten sind Pflichten, die der Vertrag dem Anbieter nach seinem Inhalt zur Erreichung des Vertragszwecks auferlegt, deren Erf\u00fcllung die ordnungsgem\u00e4\u00dfe Durchf\u00fchrung des Vertrages \u00fcberhaupt erst erm\u00f6glicht und auf deren Einhaltung der Kunde regelm\u00e4\u00dfig vertraut.<\/p>\n<p>8.3 Im \u00dcbrigen ist die Haftung des Anbieters und seiner Erf\u00fcllungsgehilfen und gesetzlichen Vertreter ausgeschlossen.<\/p>\n<p>8.4 Der Kunde stellt den Anbieter von allen Anspr\u00fcchen Dritter &#8211; einschlie\u00dflich der Kosten der Rechtsverteidigung in gesetzlicher H\u00f6he &#8211; frei, die gegen den Anbieter wegen rechtswidriger oder vertragswidriger Handlungen des Kunden geltend gemacht werden.<\/p>\n\n<h2>9. Datenschutz<\/h2>\n<p>Der Anbieter behandelt die pers\u00f6nlichen Daten seiner Kunden vertraulich und in \u00dcbereinstimmung mit den gesetzlichen Datenschutzbestimmungen. Weitere Informationen finden Sie in der Datenschutzrichtlinie des Anbieters.<\/p>\n\n<h2>10. Schlussbestimmungen<\/h2>\n<p>10.1 Es gilt das Recht der Bundesrepublik Deutschland unter Ausschluss des UN-Kaufrechts, es sei denn, diese Rechtswahl w\u00fcrde dazu f\u00fchren, dass einem Verbraucher mit gew\u00f6hnlichem Aufenthalt in der EU der durch zwingende Bestimmungen des Rechts seines Wohnsitzlandes gew\u00e4hrte Schutz entzogen wird.<\/p>\n<p>10.2 Ist der Kunde Kaufmann, eine juristische Person des \u00f6ffentlichen Rechts oder ein \u00f6ffentlich-rechtliches Sonderverm\u00f6gen, so ist das Gericht am Sitz des Anbieters zust\u00e4ndig, sofern nicht ein ausschlie\u00dflicher Gerichtsstand begr\u00fcndet ist. Dies gilt auch, wenn der Kunde keinen Wohnsitz innerhalb der Europ\u00e4ischen Union hat. Die Gesch\u00e4ftsadresse des Anbieters finden Sie in der \u00dcberschrift dieser AGB.<\/p>\n<p>10.3 Sollte eine Bestimmung dieses Vertrages unwirksam oder undurchf\u00fchrbar sein oder werden, so bleiben die \u00fcbrigen Bestimmungen davon unber\u00fchrt.<\/p>\n\n<h2>11. Informationen zur Online-Streitbeilegung \/ Verbraucherschlichtung<\/h2>\n<p>Der Anbieter ist weder bereit noch verpflichtet, an einem Streitbeilegungsverfahren vor einer Verbraucherschlichtungsstelle teilzunehmen.<\/p>\n\n<p>Unsere E-Mail-Adresse finden Sie in der \u00dcberschrift dieser AGB.<\/p>\n","protected":false},"excerpt":{"rendered":"<p>Allgemeine Bedingungen und Konditionen f\u00fcr den Online Shop unter der URL https:\/\/www.shinsockz.com\/ betrieben von Louis HagemannSHINSOCKZStiftstra\u00dfe 4632657 LemgoE-Mail: help@shinsockz.comTelefonnummer: 015224617215 &#8211; nachstehend bezeichnet als: Anbieter &#8211; 1. Umfang Diese Allgemeinen Gesch\u00e4ftsbedingungen (AGB) gelten mit ihrer Einbeziehung f\u00fcr alle Vertr\u00e4ge \u00fcber den Erwerb von Waren, Dienstleistungen oder sonstigen Gegenst\u00e4nden (im Folgenden &#8222;Waren&#8220;) im Online-Shop unter der [&hellip;]<\/p>\n","protected":false},"author":1,"featured_media":0,"parent":0,"menu_order":0,"comment_status":"closed","ping_status":"closed","template":"","meta":{"_acf_changed":false,"footnotes":""},"class_list":["post-4235","page","type-page","status-publish","hentry"],"acf":[],"yoast_head":"<!-- This site is optimized with the Yoast SEO plugin v27.4 - https:\/\/yoast.com\/product\/yoast-seo-wordpress\/ -->\n<title>Bedingungen &amp; Konditionen - Shinsockz<\/title>\n<meta name=\"robots\" content=\"index, follow, max-snippet:-1, max-image-preview:large, max-video-preview:-1\" \/>\n<link rel=\"canonical\" href=\"https:\/\/www.shinsockz.com\/de\/bedingungen-konditionen\/\" \/>\n<meta property=\"og:locale\" content=\"de_DE\" \/>\n<meta property=\"og:type\" content=\"article\" \/>\n<meta property=\"og:title\" content=\"Bedingungen &amp; Konditionen - Shinsockz\" \/>\n<meta property=\"og:description\" content=\"Allgemeine Bedingungen und Konditionen f\u00fcr den Online Shop unter der URL https:\/\/www.shinsockz.com\/ betrieben von Louis HagemannSHINSOCKZStiftstra\u00dfe 4632657 LemgoE-Mail: help@shinsockz.comTelefonnummer: 015224617215 &#8211; nachstehend bezeichnet als: Anbieter &#8211; 1. Umfang Diese Allgemeinen Gesch\u00e4ftsbedingungen (AGB) gelten mit ihrer Einbeziehung f\u00fcr alle Vertr\u00e4ge \u00fcber den Erwerb von Waren, Dienstleistungen oder sonstigen Gegenst\u00e4nden (im Folgenden &#8222;Waren&#8220;) im Online-Shop unter der [&hellip;]\" \/>\n<meta property=\"og:url\" content=\"https:\/\/www.shinsockz.com\/de\/bedingungen-konditionen\/\" \/>\n<meta property=\"og:site_name\" content=\"Shinsockz\" \/>\n<meta property=\"article:modified_time\" content=\"2025-11-10T18:03:41+00:00\" \/>\n<meta name=\"twitter:card\" content=\"summary_large_image\" \/>\n<meta name=\"twitter:label1\" content=\"Gesch\u00e4tzte Lesezeit\" \/>\n\t<meta name=\"twitter:data1\" content=\"6\u00a0Minuten\" \/>\n<script type=\"application\/ld+json\" class=\"yoast-schema-graph\">{\"@context\":\"https:\\\/\\\/schema.org\",\"@graph\":[{\"@type\":\"WebPage\",\"@id\":\"https:\\\/\\\/www.shinsockz.com\\\/de\\\/bedingungen-konditionen\\\/\",\"url\":\"https:\\\/\\\/www.shinsockz.com\\\/de\\\/bedingungen-konditionen\\\/\",\"name\":\"Bedingungen &amp; Konditionen - Shinsockz\",\"isPartOf\":{\"@id\":\"https:\\\/\\\/www.shinsockz.com\\\/de\\\/#website\"},\"datePublished\":\"2025-07-23T10:12:51+00:00\",\"dateModified\":\"2025-11-10T18:03:41+00:00\",\"breadcrumb\":{\"@id\":\"https:\\\/\\\/www.shinsockz.com\\\/de\\\/bedingungen-konditionen\\\/#breadcrumb\"},\"inLanguage\":\"de\",\"potentialAction\":[{\"@type\":\"ReadAction\",\"target\":[\"https:\\\/\\\/www.shinsockz.com\\\/de\\\/bedingungen-konditionen\\\/\"]}]},{\"@type\":\"BreadcrumbList\",\"@id\":\"https:\\\/\\\/www.shinsockz.com\\\/de\\\/bedingungen-konditionen\\\/#breadcrumb\",\"itemListElement\":[{\"@type\":\"ListItem\",\"position\":1,\"name\":\"Startseite\",\"item\":\"https:\\\/\\\/www.shinsockz.com\\\/de\\\/\"},{\"@type\":\"ListItem\",\"position\":2,\"name\":\"Bedingungen &amp; Konditionen\"}]},{\"@type\":\"WebSite\",\"@id\":\"https:\\\/\\\/www.shinsockz.com\\\/de\\\/#website\",\"url\":\"https:\\\/\\\/www.shinsockz.com\\\/de\\\/\",\"name\":\"shinsockz.com\",\"description\":\"short football socks\",\"publisher\":{\"@id\":\"https:\\\/\\\/www.shinsockz.com\\\/de\\\/#organization\"},\"potentialAction\":[{\"@type\":\"SearchAction\",\"target\":{\"@type\":\"EntryPoint\",\"urlTemplate\":\"https:\\\/\\\/www.shinsockz.com\\\/de\\\/?s={search_term_string}\"},\"query-input\":{\"@type\":\"PropertyValueSpecification\",\"valueRequired\":true,\"valueName\":\"search_term_string\"}}],\"inLanguage\":\"de\"},{\"@type\":\"Organization\",\"@id\":\"https:\\\/\\\/www.shinsockz.com\\\/de\\\/#organization\",\"name\":\"Shinsockz\",\"url\":\"https:\\\/\\\/www.shinsockz.com\\\/de\\\/\",\"logo\":{\"@type\":\"ImageObject\",\"inLanguage\":\"de\",\"@id\":\"https:\\\/\\\/www.shinsockz.com\\\/de\\\/#\\\/schema\\\/logo\\\/image\\\/\",\"url\":\"https:\\\/\\\/www.shinsockz.com\\\/wp-content\\\/uploads\\\/shnskz-logo-bg-white.svg\",\"contentUrl\":\"https:\\\/\\\/www.shinsockz.com\\\/wp-content\\\/uploads\\\/shnskz-logo-bg-white.svg\",\"width\":1,\"height\":1,\"caption\":\"Shinsockz\"},\"image\":{\"@id\":\"https:\\\/\\\/www.shinsockz.com\\\/de\\\/#\\\/schema\\\/logo\\\/image\\\/\"}}]}<\/script>\n<!-- \/ Yoast SEO plugin. -->","yoast_head_json":{"title":"Bedingungen &amp; Konditionen - Shinsockz","robots":{"index":"index","follow":"follow","max-snippet":"max-snippet:-1","max-image-preview":"max-image-preview:large","max-video-preview":"max-video-preview:-1"},"canonical":"https:\/\/www.shinsockz.com\/de\/bedingungen-konditionen\/","og_locale":"de_DE","og_type":"article","og_title":"Bedingungen &amp; Konditionen - Shinsockz","og_description":"Allgemeine Bedingungen und Konditionen f\u00fcr den Online Shop unter der URL https:\/\/www.shinsockz.com\/ betrieben von Louis HagemannSHINSOCKZStiftstra\u00dfe 4632657 LemgoE-Mail: help@shinsockz.comTelefonnummer: 015224617215 &#8211; nachstehend bezeichnet als: Anbieter &#8211; 1. Umfang Diese Allgemeinen Gesch\u00e4ftsbedingungen (AGB) gelten mit ihrer Einbeziehung f\u00fcr alle Vertr\u00e4ge \u00fcber den Erwerb von Waren, Dienstleistungen oder sonstigen Gegenst\u00e4nden (im Folgenden &#8222;Waren&#8220;) im Online-Shop unter der [&hellip;]","og_url":"https:\/\/www.shinsockz.com\/de\/bedingungen-konditionen\/","og_site_name":"Shinsockz","article_modified_time":"2025-11-10T18:03:41+00:00","twitter_card":"summary_large_image","twitter_misc":{"Gesch\u00e4tzte Lesezeit":"6\u00a0Minuten"},"schema":{"@context":"https:\/\/schema.org","@graph":[{"@type":"WebPage","@id":"https:\/\/www.shinsockz.com\/de\/bedingungen-konditionen\/","url":"https:\/\/www.shinsockz.com\/de\/bedingungen-konditionen\/","name":"Bedingungen &amp; Konditionen - Shinsockz","isPartOf":{"@id":"https:\/\/www.shinsockz.com\/de\/#website"},"datePublished":"2025-07-23T10:12:51+00:00","dateModified":"2025-11-10T18:03:41+00:00","breadcrumb":{"@id":"https:\/\/www.shinsockz.com\/de\/bedingungen-konditionen\/#breadcrumb"},"inLanguage":"de","potentialAction":[{"@type":"ReadAction","target":["https:\/\/www.shinsockz.com\/de\/bedingungen-konditionen\/"]}]},{"@type":"BreadcrumbList","@id":"https:\/\/www.shinsockz.com\/de\/bedingungen-konditionen\/#breadcrumb","itemListElement":[{"@type":"ListItem","position":1,"name":"Startseite","item":"https:\/\/www.shinsockz.com\/de\/"},{"@type":"ListItem","position":2,"name":"Bedingungen &amp; Konditionen"}]},{"@type":"WebSite","@id":"https:\/\/www.shinsockz.com\/de\/#website","url":"https:\/\/www.shinsockz.com\/de\/","name":"shinsockz.com","description":"short football socks","publisher":{"@id":"https:\/\/www.shinsockz.com\/de\/#organization"},"potentialAction":[{"@type":"SearchAction","target":{"@type":"EntryPoint","urlTemplate":"https:\/\/www.shinsockz.com\/de\/?s={search_term_string}"},"query-input":{"@type":"PropertyValueSpecification","valueRequired":true,"valueName":"search_term_string"}}],"inLanguage":"de"},{"@type":"Organization","@id":"https:\/\/www.shinsockz.com\/de\/#organization","name":"Shinsockz","url":"https:\/\/www.shinsockz.com\/de\/","logo":{"@type":"ImageObject","inLanguage":"de","@id":"https:\/\/www.shinsockz.com\/de\/#\/schema\/logo\/image\/","url":"https:\/\/www.shinsockz.com\/wp-content\/uploads\/shnskz-logo-bg-white.svg","contentUrl":"https:\/\/www.shinsockz.com\/wp-content\/uploads\/shnskz-logo-bg-white.svg","width":1,"height":1,"caption":"Shinsockz"},"image":{"@id":"https:\/\/www.shinsockz.com\/de\/#\/schema\/logo\/image\/"}}]}},"jetpack_sharing_enabled":true,"_links":{"self":[{"href":"https:\/\/www.shinsockz.com\/de\/wp-json\/wp\/v2\/pages\/4235","targetHints":{"allow":["GET"]}}],"collection":[{"href":"https:\/\/www.shinsockz.com\/de\/wp-json\/wp\/v2\/pages"}],"about":[{"href":"https:\/\/www.shinsockz.com\/de\/wp-json\/wp\/v2\/types\/page"}],"author":[{"embeddable":true,"href":"https:\/\/www.shinsockz.com\/de\/wp-json\/wp\/v2\/users\/1"}],"replies":[{"embeddable":true,"href":"https:\/\/www.shinsockz.com\/de\/wp-json\/wp\/v2\/comments?post=4235"}],"version-history":[{"count":2,"href":"https:\/\/www.shinsockz.com\/de\/wp-json\/wp\/v2\/pages\/4235\/revisions"}],"predecessor-version":[{"id":4675,"href":"https:\/\/www.shinsockz.com\/de\/wp-json\/wp\/v2\/pages\/4235\/revisions\/4675"}],"wp:attachment":[{"href":"https:\/\/www.shinsockz.com\/de\/wp-json\/wp\/v2\/media?parent=4235"}],"curies":[{"name":"wp","href":"https:\/\/api.w.org\/{rel}","templated":true}]}}