{"id":4285,"date":"2025-06-13T15:12:58","date_gmt":"2025-06-13T13:12:58","guid":{"rendered":"https:\/\/www.shinsockz.com\/produkt\/pro-pack-medium-schwarz-weiss-blau\/"},"modified":"2025-10-14T15:12:49","modified_gmt":"2025-10-14T13:12:49","slug":"pro-pack-medium-schwarz-weiss-blau","status":"publish","type":"product","link":"https:\/\/www.shinsockz.com\/de\/produkt\/pro-pack-medium-schwarz-weiss-blau\/","title":{"rendered":"Pro Pack &#8211; Medium (Schwarz \/ Weiss \/ Blau)"},"content":{"rendered":"<p>Bringe Deine Leistung und Deinen Stil auf die n\u00e4chste Stufe mit unserem Pro Pack &#8211; Medium. Dieses Paket enth\u00e4lt 15 Paar unserer Premium-Socken in 3 auff\u00e4lligen Farben: schwarz, wei\u00df, blau. <\/p>\n<p>Diese Socken bestehen aus einer strapazierf\u00e4higen und flexiblen Mischung aus 80% Nylon und 20% Elasthan und bieten hervorragenden Komfort, Atmungsaktivit\u00e4t und Halt auf dem Spielfeld.<\/p>\n<p>Details zur Gr\u00f6\u00dfe: One Size. L\u00e4nge: ca. 19 cm | Breite (elastisch): ca. 9 cm (ungestreckt).<\/p>\n<p>Pflegehinweise:<br \/>\n1. Schonend waschen (Wasser unter 40\u00b0C)<br \/>\n2. Nicht zu stark schrubben<br \/>\n3. Mit \u00e4hnlichen Farben waschen<br \/>\n4. An der Luft trocknen, vor direkter Sonneneinstrahlung sch\u00fctzen<br \/>\n5. Nicht im Trockner trocknen<\/p>\n","protected":false},"excerpt":{"rendered":"<p>Pro Pack &#8211; Medium &#8211; enth\u00e4lt 15 Paar unserer Hochleistungssocken in Wei\u00df, Blau und Gr\u00fcn. Hergestellt f\u00fcr Komfort, Haltbarkeit und einen sauberen Football-Look.<\/p>\n","protected":false},"featured_media":4287,"comment_status":"closed","ping_status":"closed","template":"","meta":{"_acf_changed":false},"product_brand":[22],"product_cat":[130],"product_tag":[134,132,140,135],"class_list":{"0":"post-4285","1":"product","2":"type-product","3":"status-publish","4":"has-post-thumbnail","6":"product_brand-shinsockz-agility","7":"product_cat-pro-packz","8":"product_tag-blue","9":"product_tag-professional","10":"product_tag-black","11":"product_tag-white","12":"product_shipping_class-kleinpaket","14":"first","15":"instock","16":"sale","17":"shipping-taxable","18":"purchasable","19":"product-type-woosb"},"acf":[],"yoast_head":"<!-- This site is optimized with the Yoast SEO plugin v27.4 - https:\/\/yoast.com\/product\/yoast-seo-wordpress\/ -->\n<title>Pro Pack - Medium (Schwarz \/ Weiss \/ Blau) - Shinsockz<\/title>\n<meta name=\"description\" content=\"Die Revolution der kurzen Socken! Bestelle das Pro Pack - Medium mit 15 Paar unserer Shinsockz Socken in Schwarz, Wei\u00df und Blau.\" \/>\n<meta name=\"robots\" content=\"index, follow, max-snippet:-1, max-image-preview:large, max-video-preview:-1\" \/>\n<link rel=\"canonical\" href=\"https:\/\/www.shinsockz.com\/de\/produkt\/pro-pack-medium-schwarz-weiss-blau\/\" \/>\n<meta property=\"og:locale\" content=\"de_DE\" \/>\n<meta property=\"og:type\" content=\"article\" \/>\n<meta property=\"og:title\" content=\"Pro Pack - Medium (Schwarz \/ Weiss \/ Blau) - Shinsockz\" \/>\n<meta property=\"og:description\" content=\"Die Revolution der kurzen Socken! Bestelle das Pro Pack - Medium mit 15 Paar unserer Shinsockz Socken in Schwarz, Wei\u00df und Blau.\" \/>\n<meta property=\"og:url\" content=\"https:\/\/www.shinsockz.com\/de\/produkt\/pro-pack-medium-schwarz-weiss-blau\/\" \/>\n<meta property=\"og:site_name\" content=\"Shinsockz\" \/>\n<meta property=\"article:modified_time\" content=\"2025-10-14T13:12:49+00:00\" \/>\n<meta property=\"og:image\" content=\"https:\/\/www.shinsockz.com\/wp-content\/uploads\/pro-pack-medium-black-white-blue-v1-shinsockz.jpg\" \/>\n\t<meta property=\"og:image:width\" content=\"3000\" \/>\n\t<meta property=\"og:image:height\" content=\"2000\" \/>\n\t<meta property=\"og:image:type\" content=\"image\/jpeg\" \/>\n<meta name=\"twitter:card\" content=\"summary_large_image\" \/>\n<script type=\"application\/ld+json\" class=\"yoast-schema-graph\">{\"@context\":\"https:\\\/\\\/schema.org\",\"@graph\":[{\"@type\":\"WebPage\",\"@id\":\"https:\\\/\\\/www.shinsockz.com\\\/de\\\/produkt\\\/pro-pack-medium-schwarz-weiss-blau\\\/\",\"url\":\"https:\\\/\\\/www.shinsockz.com\\\/de\\\/produkt\\\/pro-pack-medium-schwarz-weiss-blau\\\/\",\"name\":\"Pro Pack - Medium (Schwarz \\\/ Weiss \\\/ Blau) - Shinsockz\",\"isPartOf\":{\"@id\":\"https:\\\/\\\/www.shinsockz.com\\\/de\\\/#website\"},\"primaryImageOfPage\":{\"@id\":\"https:\\\/\\\/www.shinsockz.com\\\/de\\\/produkt\\\/pro-pack-medium-schwarz-weiss-blau\\\/#primaryimage\"},\"image\":{\"@id\":\"https:\\\/\\\/www.shinsockz.com\\\/de\\\/produkt\\\/pro-pack-medium-schwarz-weiss-blau\\\/#primaryimage\"},\"thumbnailUrl\":\"https:\\\/\\\/www.shinsockz.com\\\/wp-content\\\/uploads\\\/pro-pack-medium-black-white-blue-v1-shinsockz.jpg\",\"datePublished\":\"2025-06-13T13:12:58+00:00\",\"dateModified\":\"2025-10-14T13:12:49+00:00\",\"description\":\"Die Revolution der kurzen Socken! Bestelle das Pro Pack - Medium mit 15 Paar unserer Shinsockz Socken in Schwarz, Wei\u00df und Blau.\",\"breadcrumb\":{\"@id\":\"https:\\\/\\\/www.shinsockz.com\\\/de\\\/produkt\\\/pro-pack-medium-schwarz-weiss-blau\\\/#breadcrumb\"},\"inLanguage\":\"de\",\"potentialAction\":[{\"@type\":\"ReadAction\",\"target\":[\"https:\\\/\\\/www.shinsockz.com\\\/de\\\/produkt\\\/pro-pack-medium-schwarz-weiss-blau\\\/\"]}]},{\"@type\":\"ImageObject\",\"inLanguage\":\"de\",\"@id\":\"https:\\\/\\\/www.shinsockz.com\\\/de\\\/produkt\\\/pro-pack-medium-schwarz-weiss-blau\\\/#primaryimage\",\"url\":\"https:\\\/\\\/www.shinsockz.com\\\/wp-content\\\/uploads\\\/pro-pack-medium-black-white-blue-v1-shinsockz.jpg\",\"contentUrl\":\"https:\\\/\\\/www.shinsockz.com\\\/wp-content\\\/uploads\\\/pro-pack-medium-black-white-blue-v1-shinsockz.jpg\",\"width\":3000,\"height\":2000},{\"@type\":\"BreadcrumbList\",\"@id\":\"https:\\\/\\\/www.shinsockz.com\\\/de\\\/produkt\\\/pro-pack-medium-schwarz-weiss-blau\\\/#breadcrumb\",\"itemListElement\":[{\"@type\":\"ListItem\",\"position\":1,\"name\":\"Startseite\",\"item\":\"https:\\\/\\\/www.shinsockz.com\\\/de\\\/\"},{\"@type\":\"ListItem\",\"position\":2,\"name\":\"Shop\",\"item\":\"https:\\\/\\\/www.shinsockz.com\\\/de\\\/shop\\\/\"},{\"@type\":\"ListItem\",\"position\":3,\"name\":\"Pro Pack &#8211; Medium (Schwarz \\\/ Weiss \\\/ Blau)\"}]},{\"@type\":\"WebSite\",\"@id\":\"https:\\\/\\\/www.shinsockz.com\\\/de\\\/#website\",\"url\":\"https:\\\/\\\/www.shinsockz.com\\\/de\\\/\",\"name\":\"shinsockz.com\",\"description\":\"short football socks\",\"publisher\":{\"@id\":\"https:\\\/\\\/www.shinsockz.com\\\/de\\\/#organization\"},\"potentialAction\":[{\"@type\":\"SearchAction\",\"target\":{\"@type\":\"EntryPoint\",\"urlTemplate\":\"https:\\\/\\\/www.shinsockz.com\\\/de\\\/?s={search_term_string}\"},\"query-input\":{\"@type\":\"PropertyValueSpecification\",\"valueRequired\":true,\"valueName\":\"search_term_string\"}}],\"inLanguage\":\"de\"},{\"@type\":\"Organization\",\"@id\":\"https:\\\/\\\/www.shinsockz.com\\\/de\\\/#organization\",\"name\":\"Shinsockz\",\"url\":\"https:\\\/\\\/www.shinsockz.com\\\/de\\\/\",\"logo\":{\"@type\":\"ImageObject\",\"inLanguage\":\"de\",\"@id\":\"https:\\\/\\\/www.shinsockz.com\\\/de\\\/#\\\/schema\\\/logo\\\/image\\\/\",\"url\":\"https:\\\/\\\/www.shinsockz.com\\\/wp-content\\\/uploads\\\/shnskz-logo-bg-white.svg\",\"contentUrl\":\"https:\\\/\\\/www.shinsockz.com\\\/wp-content\\\/uploads\\\/shnskz-logo-bg-white.svg\",\"width\":1,\"height\":1,\"caption\":\"Shinsockz\"},\"image\":{\"@id\":\"https:\\\/\\\/www.shinsockz.com\\\/de\\\/#\\\/schema\\\/logo\\\/image\\\/\"}}]}<\/script>\n<!-- \/ Yoast SEO plugin. -->","yoast_head_json":{"title":"Pro Pack - Medium (Schwarz \/ Weiss \/ Blau) - Shinsockz","description":"Die Revolution der kurzen Socken! Bestelle das Pro Pack - Medium mit 15 Paar unserer Shinsockz Socken in Schwarz, Wei\u00df und Blau.","robots":{"index":"index","follow":"follow","max-snippet":"max-snippet:-1","max-image-preview":"max-image-preview:large","max-video-preview":"max-video-preview:-1"},"canonical":"https:\/\/www.shinsockz.com\/de\/produkt\/pro-pack-medium-schwarz-weiss-blau\/","og_locale":"de_DE","og_type":"article","og_title":"Pro Pack - Medium (Schwarz \/ Weiss \/ Blau) - Shinsockz","og_description":"Die Revolution der kurzen Socken! Bestelle das Pro Pack - Medium mit 15 Paar unserer Shinsockz Socken in Schwarz, Wei\u00df und Blau.","og_url":"https:\/\/www.shinsockz.com\/de\/produkt\/pro-pack-medium-schwarz-weiss-blau\/","og_site_name":"Shinsockz","article_modified_time":"2025-10-14T13:12:49+00:00","og_image":[{"width":3000,"height":2000,"url":"https:\/\/www.shinsockz.com\/wp-content\/uploads\/pro-pack-medium-black-white-blue-v1-shinsockz.jpg","type":"image\/jpeg"}],"twitter_card":"summary_large_image","schema":{"@context":"https:\/\/schema.org","@graph":[{"@type":"WebPage","@id":"https:\/\/www.shinsockz.com\/de\/produkt\/pro-pack-medium-schwarz-weiss-blau\/","url":"https:\/\/www.shinsockz.com\/de\/produkt\/pro-pack-medium-schwarz-weiss-blau\/","name":"Pro Pack - Medium (Schwarz \/ Weiss \/ Blau) - Shinsockz","isPartOf":{"@id":"https:\/\/www.shinsockz.com\/de\/#website"},"primaryImageOfPage":{"@id":"https:\/\/www.shinsockz.com\/de\/produkt\/pro-pack-medium-schwarz-weiss-blau\/#primaryimage"},"image":{"@id":"https:\/\/www.shinsockz.com\/de\/produkt\/pro-pack-medium-schwarz-weiss-blau\/#primaryimage"},"thumbnailUrl":"https:\/\/www.shinsockz.com\/wp-content\/uploads\/pro-pack-medium-black-white-blue-v1-shinsockz.jpg","datePublished":"2025-06-13T13:12:58+00:00","dateModified":"2025-10-14T13:12:49+00:00","description":"Die Revolution der kurzen Socken! Bestelle das Pro Pack - Medium mit 15 Paar unserer Shinsockz Socken in Schwarz, Wei\u00df und Blau.","breadcrumb":{"@id":"https:\/\/www.shinsockz.com\/de\/produkt\/pro-pack-medium-schwarz-weiss-blau\/#breadcrumb"},"inLanguage":"de","potentialAction":[{"@type":"ReadAction","target":["https:\/\/www.shinsockz.com\/de\/produkt\/pro-pack-medium-schwarz-weiss-blau\/"]}]},{"@type":"ImageObject","inLanguage":"de","@id":"https:\/\/www.shinsockz.com\/de\/produkt\/pro-pack-medium-schwarz-weiss-blau\/#primaryimage","url":"https:\/\/www.shinsockz.com\/wp-content\/uploads\/pro-pack-medium-black-white-blue-v1-shinsockz.jpg","contentUrl":"https:\/\/www.shinsockz.com\/wp-content\/uploads\/pro-pack-medium-black-white-blue-v1-shinsockz.jpg","width":3000,"height":2000},{"@type":"BreadcrumbList","@id":"https:\/\/www.shinsockz.com\/de\/produkt\/pro-pack-medium-schwarz-weiss-blau\/#breadcrumb","itemListElement":[{"@type":"ListItem","position":1,"name":"Startseite","item":"https:\/\/www.shinsockz.com\/de\/"},{"@type":"ListItem","position":2,"name":"Shop","item":"https:\/\/www.shinsockz.com\/de\/shop\/"},{"@type":"ListItem","position":3,"name":"Pro Pack &#8211; Medium (Schwarz \/ Weiss \/ Blau)"}]},{"@type":"WebSite","@id":"https:\/\/www.shinsockz.com\/de\/#website","url":"https:\/\/www.shinsockz.com\/de\/","name":"shinsockz.com","description":"short football socks","publisher":{"@id":"https:\/\/www.shinsockz.com\/de\/#organization"},"potentialAction":[{"@type":"SearchAction","target":{"@type":"EntryPoint","urlTemplate":"https:\/\/www.shinsockz.com\/de\/?s={search_term_string}"},"query-input":{"@type":"PropertyValueSpecification","valueRequired":true,"valueName":"search_term_string"}}],"inLanguage":"de"},{"@type":"Organization","@id":"https:\/\/www.shinsockz.com\/de\/#organization","name":"Shinsockz","url":"https:\/\/www.shinsockz.com\/de\/","logo":{"@type":"ImageObject","inLanguage":"de","@id":"https:\/\/www.shinsockz.com\/de\/#\/schema\/logo\/image\/","url":"https:\/\/www.shinsockz.com\/wp-content\/uploads\/shnskz-logo-bg-white.svg","contentUrl":"https:\/\/www.shinsockz.com\/wp-content\/uploads\/shnskz-logo-bg-white.svg","width":1,"height":1,"caption":"Shinsockz"},"image":{"@id":"https:\/\/www.shinsockz.com\/de\/#\/schema\/logo\/image\/"}}]}},"jetpack_sharing_enabled":true,"_links":{"self":[{"href":"https:\/\/www.shinsockz.com\/de\/wp-json\/wp\/v2\/product\/4285","targetHints":{"allow":["GET"]}}],"collection":[{"href":"https:\/\/www.shinsockz.com\/de\/wp-json\/wp\/v2\/product"}],"about":[{"href":"https:\/\/www.shinsockz.com\/de\/wp-json\/wp\/v2\/types\/product"}],"replies":[{"embeddable":true,"href":"https:\/\/www.shinsockz.com\/de\/wp-json\/wp\/v2\/comments?post=4285"}],"wp:featuredmedia":[{"embeddable":true,"href":"https:\/\/www.shinsockz.com\/de\/wp-json\/wp\/v2\/media\/4287"}],"wp:attachment":[{"href":"https:\/\/www.shinsockz.com\/de\/wp-json\/wp\/v2\/media?parent=4285"}],"wp:term":[{"taxonomy":"product_brand","embeddable":true,"href":"https:\/\/www.shinsockz.com\/de\/wp-json\/wp\/v2\/product_brand?post=4285"},{"taxonomy":"product_cat","embeddable":true,"href":"https:\/\/www.shinsockz.com\/de\/wp-json\/wp\/v2\/product_cat?post=4285"},{"taxonomy":"product_tag","embeddable":true,"href":"https:\/\/www.shinsockz.com\/de\/wp-json\/wp\/v2\/product_tag?post=4285"}],"curies":[{"name":"wp","href":"https:\/\/api.w.org\/{rel}","templated":true}]}}