{"id":4479,"date":"2025-06-13T17:41:20","date_gmt":"2025-06-13T15:41:20","guid":{"rendered":"https:\/\/www.shinsockz.com\/produkt\/player-pack-professional-schwarz-rot-gruen\/"},"modified":"2025-10-27T17:15:30","modified_gmt":"2025-10-27T16:15:30","slug":"player-pack-professional-schwarz-rot-gruen","status":"publish","type":"product","link":"https:\/\/www.shinsockz.com\/de\/produkt\/player-pack-professional-schwarz-rot-gruen\/","title":{"rendered":"Player Pack Professional (Schwarz \/ Rot \/ Gruen)"},"content":{"rendered":"<p>Bringe Deine Leistung und Deinen Stil auf die n\u00e4chste Stufe mit unserem Player Pack &#8211; Large. Dieses Paket enth\u00e4lt 3 Paar unserer kurzen Hochleistungsstutzen in 3 auff\u00e4lligen Farben: schwarz, rot, gr\u00fcn.<\/p>\n<p>Diese Stutzen bestehen aus einer strapazierf\u00e4higen und flexiblen Mischung aus 80% Nylon und 20% Elasthan und bieten hervorragenden Komfort, Atmungsaktivit\u00e4t und Halt auf dem Spielfeld.<\/p>\n<p>Details zur Gr\u00f6\u00dfe: One Size. L\u00e4nge: ca. 19 cm | Breite (elastisch): ca. 9 cm (ungestreckt).<\/p>\n<p>Pflegehinweise:<br \/>\n1. Schonend waschen (Wasser unter 40\u00b0C)<br \/>\n2. Nicht zu stark schrubben<br \/>\n3. Mit \u00e4hnlichen Farben waschen<br \/>\n4. An der Luft trocknen, vor direkter Sonneneinstrahlung sch\u00fctzen<br \/>\n5. Nicht im Trockner trocknen<\/p>\n","protected":false},"excerpt":{"rendered":"<p>Player Pack &#8211; Large &#8211; enth\u00e4lt 3 Paar unserer kurzen Hochleistungsstutzen in Schwarz, Rot und Gr\u00fcn. Hergestellt f\u00fcr Komfort, Haltbarkeit und einen sauberen Football-Look.<\/p>\n","protected":false},"featured_media":4340,"comment_status":"closed","ping_status":"closed","template":"","meta":{"_acf_changed":false},"product_brand":[22],"product_cat":[136],"product_tag":[133,132,138,140],"class_list":{"0":"post-4479","1":"product","2":"type-product","3":"status-publish","4":"has-post-thumbnail","6":"product_brand-shinsockz-agility","7":"product_cat-player-packz","8":"product_tag-green","9":"product_tag-professional","10":"product_tag-red","11":"product_tag-black","12":"product_shipping_class-kleinpaket","14":"first","15":"instock","16":"sale","17":"shipping-taxable","18":"purchasable","19":"product-type-woosb"},"acf":[],"yoast_head":"<!-- This site is optimized with the Yoast SEO plugin v27.4 - https:\/\/yoast.com\/product\/yoast-seo-wordpress\/ -->\n<title>Player Pack Professional (Schwarz \/ Rot \/ Gruen) - Shinsockz<\/title>\n<meta name=\"description\" content=\"Bestelle das Player Pack - Professional mit 3 Paar unserer Shinsockz Stutzen in schwarz, rot, gr\u00fcn. Bequem, langlebig und stilvoll.\" \/>\n<meta name=\"robots\" content=\"index, follow, max-snippet:-1, max-image-preview:large, max-video-preview:-1\" \/>\n<link rel=\"canonical\" href=\"https:\/\/www.shinsockz.com\/de\/produkt\/player-pack-professional-schwarz-rot-gruen\/\" \/>\n<meta property=\"og:locale\" content=\"de_DE\" \/>\n<meta property=\"og:type\" content=\"article\" \/>\n<meta property=\"og:title\" content=\"Player Pack Professional (Schwarz \/ Rot \/ Gruen) - Shinsockz\" \/>\n<meta property=\"og:description\" content=\"Bestelle das Player Pack - Professional mit 3 Paar unserer Shinsockz Stutzen in schwarz, rot, gr\u00fcn. Bequem, langlebig und stilvoll.\" \/>\n<meta property=\"og:url\" content=\"https:\/\/www.shinsockz.com\/de\/produkt\/player-pack-professional-schwarz-rot-gruen\/\" \/>\n<meta property=\"og:site_name\" content=\"Shinsockz\" \/>\n<meta property=\"article:modified_time\" content=\"2025-10-27T16:15:30+00:00\" \/>\n<meta property=\"og:image\" content=\"https:\/\/www.shinsockz.com\/wp-content\/uploads\/player-pack-professional-black-red-green-v1-shinsockz.jpg\" \/>\n\t<meta property=\"og:image:width\" content=\"3000\" \/>\n\t<meta property=\"og:image:height\" content=\"2000\" \/>\n\t<meta property=\"og:image:type\" content=\"image\/jpeg\" \/>\n<meta name=\"twitter:card\" content=\"summary_large_image\" \/>\n<meta name=\"twitter:label1\" content=\"Gesch\u00e4tzte Lesezeit\" \/>\n\t<meta name=\"twitter:data1\" content=\"1\u00a0Minute\" \/>\n<script type=\"application\/ld+json\" class=\"yoast-schema-graph\">{\"@context\":\"https:\\\/\\\/schema.org\",\"@graph\":[{\"@type\":\"WebPage\",\"@id\":\"https:\\\/\\\/www.shinsockz.com\\\/de\\\/produkt\\\/player-pack-professional-schwarz-rot-gruen\\\/\",\"url\":\"https:\\\/\\\/www.shinsockz.com\\\/de\\\/produkt\\\/player-pack-professional-schwarz-rot-gruen\\\/\",\"name\":\"Player Pack Professional (Schwarz \\\/ Rot \\\/ Gruen) - Shinsockz\",\"isPartOf\":{\"@id\":\"https:\\\/\\\/www.shinsockz.com\\\/de\\\/#website\"},\"primaryImageOfPage\":{\"@id\":\"https:\\\/\\\/www.shinsockz.com\\\/de\\\/produkt\\\/player-pack-professional-schwarz-rot-gruen\\\/#primaryimage\"},\"image\":{\"@id\":\"https:\\\/\\\/www.shinsockz.com\\\/de\\\/produkt\\\/player-pack-professional-schwarz-rot-gruen\\\/#primaryimage\"},\"thumbnailUrl\":\"https:\\\/\\\/www.shinsockz.com\\\/wp-content\\\/uploads\\\/player-pack-professional-black-red-green-v1-shinsockz.jpg\",\"datePublished\":\"2025-06-13T15:41:20+00:00\",\"dateModified\":\"2025-10-27T16:15:30+00:00\",\"description\":\"Bestelle das Player Pack - Professional mit 3 Paar unserer Shinsockz Stutzen in schwarz, rot, gr\u00fcn. Bequem, langlebig und stilvoll.\",\"breadcrumb\":{\"@id\":\"https:\\\/\\\/www.shinsockz.com\\\/de\\\/produkt\\\/player-pack-professional-schwarz-rot-gruen\\\/#breadcrumb\"},\"inLanguage\":\"de\",\"potentialAction\":[{\"@type\":\"ReadAction\",\"target\":[\"https:\\\/\\\/www.shinsockz.com\\\/de\\\/produkt\\\/player-pack-professional-schwarz-rot-gruen\\\/\"]}]},{\"@type\":\"ImageObject\",\"inLanguage\":\"de\",\"@id\":\"https:\\\/\\\/www.shinsockz.com\\\/de\\\/produkt\\\/player-pack-professional-schwarz-rot-gruen\\\/#primaryimage\",\"url\":\"https:\\\/\\\/www.shinsockz.com\\\/wp-content\\\/uploads\\\/player-pack-professional-black-red-green-v1-shinsockz.jpg\",\"contentUrl\":\"https:\\\/\\\/www.shinsockz.com\\\/wp-content\\\/uploads\\\/player-pack-professional-black-red-green-v1-shinsockz.jpg\",\"width\":3000,\"height\":2000},{\"@type\":\"BreadcrumbList\",\"@id\":\"https:\\\/\\\/www.shinsockz.com\\\/de\\\/produkt\\\/player-pack-professional-schwarz-rot-gruen\\\/#breadcrumb\",\"itemListElement\":[{\"@type\":\"ListItem\",\"position\":1,\"name\":\"Startseite\",\"item\":\"https:\\\/\\\/www.shinsockz.com\\\/de\\\/\"},{\"@type\":\"ListItem\",\"position\":2,\"name\":\"Shop\",\"item\":\"https:\\\/\\\/www.shinsockz.com\\\/de\\\/shop\\\/\"},{\"@type\":\"ListItem\",\"position\":3,\"name\":\"Player Pack Professional (Schwarz \\\/ Rot \\\/ Gruen)\"}]},{\"@type\":\"WebSite\",\"@id\":\"https:\\\/\\\/www.shinsockz.com\\\/de\\\/#website\",\"url\":\"https:\\\/\\\/www.shinsockz.com\\\/de\\\/\",\"name\":\"shinsockz.com\",\"description\":\"short football socks\",\"publisher\":{\"@id\":\"https:\\\/\\\/www.shinsockz.com\\\/de\\\/#organization\"},\"potentialAction\":[{\"@type\":\"SearchAction\",\"target\":{\"@type\":\"EntryPoint\",\"urlTemplate\":\"https:\\\/\\\/www.shinsockz.com\\\/de\\\/?s={search_term_string}\"},\"query-input\":{\"@type\":\"PropertyValueSpecification\",\"valueRequired\":true,\"valueName\":\"search_term_string\"}}],\"inLanguage\":\"de\"},{\"@type\":\"Organization\",\"@id\":\"https:\\\/\\\/www.shinsockz.com\\\/de\\\/#organization\",\"name\":\"Shinsockz\",\"url\":\"https:\\\/\\\/www.shinsockz.com\\\/de\\\/\",\"logo\":{\"@type\":\"ImageObject\",\"inLanguage\":\"de\",\"@id\":\"https:\\\/\\\/www.shinsockz.com\\\/de\\\/#\\\/schema\\\/logo\\\/image\\\/\",\"url\":\"https:\\\/\\\/www.shinsockz.com\\\/wp-content\\\/uploads\\\/shnskz-logo-bg-white.svg\",\"contentUrl\":\"https:\\\/\\\/www.shinsockz.com\\\/wp-content\\\/uploads\\\/shnskz-logo-bg-white.svg\",\"width\":1,\"height\":1,\"caption\":\"Shinsockz\"},\"image\":{\"@id\":\"https:\\\/\\\/www.shinsockz.com\\\/de\\\/#\\\/schema\\\/logo\\\/image\\\/\"}}]}<\/script>\n<!-- \/ Yoast SEO plugin. -->","yoast_head_json":{"title":"Player Pack Professional (Schwarz \/ Rot \/ Gruen) - Shinsockz","description":"Bestelle das Player Pack - Professional mit 3 Paar unserer Shinsockz Stutzen in schwarz, rot, gr\u00fcn. Bequem, langlebig und stilvoll.","robots":{"index":"index","follow":"follow","max-snippet":"max-snippet:-1","max-image-preview":"max-image-preview:large","max-video-preview":"max-video-preview:-1"},"canonical":"https:\/\/www.shinsockz.com\/de\/produkt\/player-pack-professional-schwarz-rot-gruen\/","og_locale":"de_DE","og_type":"article","og_title":"Player Pack Professional (Schwarz \/ Rot \/ Gruen) - Shinsockz","og_description":"Bestelle das Player Pack - Professional mit 3 Paar unserer Shinsockz Stutzen in schwarz, rot, gr\u00fcn. Bequem, langlebig und stilvoll.","og_url":"https:\/\/www.shinsockz.com\/de\/produkt\/player-pack-professional-schwarz-rot-gruen\/","og_site_name":"Shinsockz","article_modified_time":"2025-10-27T16:15:30+00:00","og_image":[{"width":3000,"height":2000,"url":"https:\/\/www.shinsockz.com\/wp-content\/uploads\/player-pack-professional-black-red-green-v1-shinsockz.jpg","type":"image\/jpeg"}],"twitter_card":"summary_large_image","twitter_misc":{"Gesch\u00e4tzte Lesezeit":"1\u00a0Minute"},"schema":{"@context":"https:\/\/schema.org","@graph":[{"@type":"WebPage","@id":"https:\/\/www.shinsockz.com\/de\/produkt\/player-pack-professional-schwarz-rot-gruen\/","url":"https:\/\/www.shinsockz.com\/de\/produkt\/player-pack-professional-schwarz-rot-gruen\/","name":"Player Pack Professional (Schwarz \/ Rot \/ Gruen) - Shinsockz","isPartOf":{"@id":"https:\/\/www.shinsockz.com\/de\/#website"},"primaryImageOfPage":{"@id":"https:\/\/www.shinsockz.com\/de\/produkt\/player-pack-professional-schwarz-rot-gruen\/#primaryimage"},"image":{"@id":"https:\/\/www.shinsockz.com\/de\/produkt\/player-pack-professional-schwarz-rot-gruen\/#primaryimage"},"thumbnailUrl":"https:\/\/www.shinsockz.com\/wp-content\/uploads\/player-pack-professional-black-red-green-v1-shinsockz.jpg","datePublished":"2025-06-13T15:41:20+00:00","dateModified":"2025-10-27T16:15:30+00:00","description":"Bestelle das Player Pack - Professional mit 3 Paar unserer Shinsockz Stutzen in schwarz, rot, gr\u00fcn. Bequem, langlebig und stilvoll.","breadcrumb":{"@id":"https:\/\/www.shinsockz.com\/de\/produkt\/player-pack-professional-schwarz-rot-gruen\/#breadcrumb"},"inLanguage":"de","potentialAction":[{"@type":"ReadAction","target":["https:\/\/www.shinsockz.com\/de\/produkt\/player-pack-professional-schwarz-rot-gruen\/"]}]},{"@type":"ImageObject","inLanguage":"de","@id":"https:\/\/www.shinsockz.com\/de\/produkt\/player-pack-professional-schwarz-rot-gruen\/#primaryimage","url":"https:\/\/www.shinsockz.com\/wp-content\/uploads\/player-pack-professional-black-red-green-v1-shinsockz.jpg","contentUrl":"https:\/\/www.shinsockz.com\/wp-content\/uploads\/player-pack-professional-black-red-green-v1-shinsockz.jpg","width":3000,"height":2000},{"@type":"BreadcrumbList","@id":"https:\/\/www.shinsockz.com\/de\/produkt\/player-pack-professional-schwarz-rot-gruen\/#breadcrumb","itemListElement":[{"@type":"ListItem","position":1,"name":"Startseite","item":"https:\/\/www.shinsockz.com\/de\/"},{"@type":"ListItem","position":2,"name":"Shop","item":"https:\/\/www.shinsockz.com\/de\/shop\/"},{"@type":"ListItem","position":3,"name":"Player Pack Professional (Schwarz \/ Rot \/ Gruen)"}]},{"@type":"WebSite","@id":"https:\/\/www.shinsockz.com\/de\/#website","url":"https:\/\/www.shinsockz.com\/de\/","name":"shinsockz.com","description":"short football socks","publisher":{"@id":"https:\/\/www.shinsockz.com\/de\/#organization"},"potentialAction":[{"@type":"SearchAction","target":{"@type":"EntryPoint","urlTemplate":"https:\/\/www.shinsockz.com\/de\/?s={search_term_string}"},"query-input":{"@type":"PropertyValueSpecification","valueRequired":true,"valueName":"search_term_string"}}],"inLanguage":"de"},{"@type":"Organization","@id":"https:\/\/www.shinsockz.com\/de\/#organization","name":"Shinsockz","url":"https:\/\/www.shinsockz.com\/de\/","logo":{"@type":"ImageObject","inLanguage":"de","@id":"https:\/\/www.shinsockz.com\/de\/#\/schema\/logo\/image\/","url":"https:\/\/www.shinsockz.com\/wp-content\/uploads\/shnskz-logo-bg-white.svg","contentUrl":"https:\/\/www.shinsockz.com\/wp-content\/uploads\/shnskz-logo-bg-white.svg","width":1,"height":1,"caption":"Shinsockz"},"image":{"@id":"https:\/\/www.shinsockz.com\/de\/#\/schema\/logo\/image\/"}}]}},"jetpack_sharing_enabled":true,"_links":{"self":[{"href":"https:\/\/www.shinsockz.com\/de\/wp-json\/wp\/v2\/product\/4479","targetHints":{"allow":["GET"]}}],"collection":[{"href":"https:\/\/www.shinsockz.com\/de\/wp-json\/wp\/v2\/product"}],"about":[{"href":"https:\/\/www.shinsockz.com\/de\/wp-json\/wp\/v2\/types\/product"}],"replies":[{"embeddable":true,"href":"https:\/\/www.shinsockz.com\/de\/wp-json\/wp\/v2\/comments?post=4479"}],"wp:featuredmedia":[{"embeddable":true,"href":"https:\/\/www.shinsockz.com\/de\/wp-json\/wp\/v2\/media\/4340"}],"wp:attachment":[{"href":"https:\/\/www.shinsockz.com\/de\/wp-json\/wp\/v2\/media?parent=4479"}],"wp:term":[{"taxonomy":"product_brand","embeddable":true,"href":"https:\/\/www.shinsockz.com\/de\/wp-json\/wp\/v2\/product_brand?post=4479"},{"taxonomy":"product_cat","embeddable":true,"href":"https:\/\/www.shinsockz.com\/de\/wp-json\/wp\/v2\/product_cat?post=4479"},{"taxonomy":"product_tag","embeddable":true,"href":"https:\/\/www.shinsockz.com\/de\/wp-json\/wp\/v2\/product_tag?post=4479"}],"curies":[{"name":"wp","href":"https:\/\/api.w.org\/{rel}","templated":true}]}}